{"id":3715,"date":"2016-05-06T10:28:27","date_gmt":"2016-05-06T08:28:27","guid":{"rendered":"https:\/\/2026.garni-florian.com\/?page_id=3715"},"modified":"2024-12-06T16:47:11","modified_gmt":"2024-12-06T15:47:11","slug":"impressum","status":"publish","type":"page","link":"https:\/\/2026.garni-florian.com\/it\/impressum\/","title":{"rendered":"Impressum"},"content":{"rendered":"<div class=\"wpb-content-wrapper\"><p>[vc_row][vc_column width=&#8221;1\/2&#8243;][vc_column_text]<\/p>\n<h2>Pizzeria Garni Florian<\/h2>\n<p>Fam. Steinkasserer<br \/>\nI-39032 Rein in Taufers<br \/>\nS\u00fcdtirol<\/p>\n<p>Tel: +39 0474 672510<br \/>\nFax: +39 0474 672571<br \/>\nE-Mail: info@2026.garni-florian.com<\/p>\n<p>Umsatzsteuer-Identifikationsnummern:<\/p>\n<p style=\"font-weight: 400;\">Martin Steinkasserer<br \/>\nSTNMTN80A10B220R<br \/>\nIT028597202117<\/p>\n<p style=\"font-weight: 400;\">Astrid Steinkasserer<br \/>\nSTNSRD81E62B220Z<br \/>\nIT02859790210<\/p>\n<p>CIN-Code:<\/p>\n<p>Residence Astrid\u00a0 \u00a0 \u00a0 \u00a0 \u00a0 \u00a0 \u00a0 \u00a0 \u00a0 \u00a0 \u00a0 \u00a0 \u00a0 \u00a0 \u00a0 IT021017A15ABOQPPS<br \/>\nGarni Florian\u00a0\u00a0\u00a0\u00a0\u00a0\u00a0\u00a0\u00a0\u00a0\u00a0\u00a0\u00a0\u00a0\u00a0\u00a0\u00a0\u00a0\u00a0\u00a0\u00a0\u00a0\u00a0\u00a0\u00a0\u00a0\u00a0\u00a0\u00a0\u00a0\u00a0\u00a0\u00a0\u00a0\u00a0\u00a0 IT021017A17UUU8DU4<br \/>\nResidence Friedheim\u00a0\u00a0\u00a0\u00a0\u00a0\u00a0\u00a0\u00a0\u00a0\u00a0\u00a0\u00a0\u00a0\u00a0\u00a0\u00a0\u00a0\u00a0\u00a0\u00a0\u00a0 IT021017A1YAKN8SIX<\/p>\n<p><em>Hinweis:<\/em><\/p>\n<p>Die Europ\u00e4ische Kommission stellt eine Plattform f\u00fcr die au\u00dfergerichtliche Online-Streitbeilegung (OS-Plattform) bereit, die unter www.ec.europa.eu\/consumers\/odr aufrufbar ist. Unsere E-Mail-Adresse finden Sie in unserem Impressum. Wir sind weder verpflichtet noch bereit, an dem Streitschlichtungsverfahren teilzunehmen.[\/vc_column_text][\/vc_column][vc_column width=&#8221;1\/2&#8243;][vc_empty_space height=&#8221;42px&#8221;][vc_single_image image=&#8221;6247&#8243; img_size=&#8221;full&#8221;][vc_column_text]<\/p>\n<p>Bildnachweis<\/p>\n<p>Georg Geggo Roth (6), Archiv Tourismusverein Ahrntal (24), Archiv SMG: Helmut Rier (3), Alex Pilz (2), Clemens Zahn (1), Ralf Kreuels (1), Alessandro Trovati (1), Frieder Blickle (2), Stefano Scat\u00e0 (1), G\u00fcnter Mersch, Uwe Kersten, Walter L\u00fccker, Wolf Dieter Schramm, Pfeffer Klaus, Luftaufnahmen: Joseph Veith, Hans Renkes, Manuel Kottersteger.<\/p>\n<p>[\/vc_column_text][\/vc_column][\/vc_row][vc_row][vc_column][vc_empty_space][vc_column_text]<\/p>\n<h4 style=\"text-align: left;\">Haftungshinweis<\/h4>\n<p style=\"text-align: left;\">Trotz sorgf\u00e4ltiger inhaltlicher Kontrolle \u00fcbernehmen wir keine Haftung f\u00fcr die Inhalte externer Links. F\u00fcr den Inhalt der verlinkten Seiten sind ausschlie\u00dflich deren Betreiber verantwortlich.<\/p>\n<h4 style=\"text-align: left;\">Realisierung und Betreuung der Internetinhalte<\/h4>\n<p style=\"text-align: left;\">Institut 2F Informatik GmbH \u2013 2Fcommunication<br \/>\nPr\u00e4montratenserweg 7<br \/>\nA-6020 Innsbruck<br \/>\nTel. +43 512 587565<br \/>\n<a href=\"http:\/\/2fcommunication.at\">http:\/\/2fcommunication.at<\/a><br \/>\n<a href=\"mailto:support@2fcommunication.de\">support@2fcommunication.de<\/a><\/p>\n<p>[\/vc_column_text][\/vc_column][\/vc_row]<\/p>\n<\/div>","protected":false},"excerpt":{"rendered":"<p>[vc_row][vc_column width=&#8221;1\/2&#8243;][vc_column_text] Pizzeria Garni Florian Fam. Steinkasserer I-39032 Rein in Taufers S\u00fcdtirol Tel: +39 0474 672510 Fax: +39 0474 672571 E-Mail: info@2026.garni-florian.com Umsatzsteuer-Identifikationsnummern: Martin Steinkasserer STNMTN80A10B220R IT028597202117 Astrid Steinkasserer STNSRD81E62B220Z IT02859790210 CIN-Code: Residence Astrid\u00a0 \u00a0 \u00a0 \u00a0 \u00a0 \u00a0 \u00a0 \u00a0 \u00a0 \u00a0 \u00a0 \u00a0 \u00a0 \u00a0 \u00a0 IT021017A15ABOQPPS Garni Florian\u00a0\u00a0\u00a0\u00a0\u00a0\u00a0\u00a0\u00a0\u00a0\u00a0\u00a0\u00a0\u00a0\u00a0\u00a0\u00a0\u00a0\u00a0\u00a0\u00a0\u00a0\u00a0\u00a0\u00a0\u00a0\u00a0\u00a0\u00a0\u00a0\u00a0\u00a0\u00a0\u00a0\u00a0\u00a0 IT021017A17UUU8DU4 Residence Friedheim\u00a0\u00a0\u00a0\u00a0\u00a0\u00a0\u00a0\u00a0\u00a0\u00a0\u00a0\u00a0\u00a0\u00a0\u00a0\u00a0\u00a0\u00a0\u00a0\u00a0\u00a0 IT021017A1YAKN8SIX [&hellip;]<\/p>\n","protected":false},"author":1,"featured_media":0,"parent":0,"menu_order":0,"comment_status":"closed","ping_status":"closed","template":"fullwidth.php","meta":{"footnotes":""},"class_list":["post-3715","page","type-page","status-publish","hentry"],"yoast_head":"<!-- This site is optimized with the Yoast SEO plugin v27.3 - https:\/\/yoast.com\/product\/yoast-seo-wordpress\/ -->\n<title>Impressum - Garni Florian<\/title>\n<meta name=\"robots\" content=\"noindex, nofollow\" \/>\n<meta property=\"og:locale\" content=\"it_IT\" \/>\n<meta property=\"og:type\" content=\"article\" \/>\n<meta property=\"og:title\" content=\"Impressum - Garni Florian\" \/>\n<meta property=\"og:description\" content=\"[vc_row][vc_column width=&#8221;1\/2&#8243;][vc_column_text] Pizzeria Garni Florian Fam. Steinkasserer I-39032 Rein in Taufers S\u00fcdtirol Tel: +39 0474 672510 Fax: +39 0474 672571 E-Mail: info@2026.garni-florian.com Umsatzsteuer-Identifikationsnummern: Martin Steinkasserer STNMTN80A10B220R IT028597202117 Astrid Steinkasserer STNSRD81E62B220Z IT02859790210 CIN-Code: Residence Astrid\u00a0 \u00a0 \u00a0 \u00a0 \u00a0 \u00a0 \u00a0 \u00a0 \u00a0 \u00a0 \u00a0 \u00a0 \u00a0 \u00a0 \u00a0 IT021017A15ABOQPPS Garni Florian\u00a0\u00a0\u00a0\u00a0\u00a0\u00a0\u00a0\u00a0\u00a0\u00a0\u00a0\u00a0\u00a0\u00a0\u00a0\u00a0\u00a0\u00a0\u00a0\u00a0\u00a0\u00a0\u00a0\u00a0\u00a0\u00a0\u00a0\u00a0\u00a0\u00a0\u00a0\u00a0\u00a0\u00a0\u00a0 IT021017A17UUU8DU4 Residence Friedheim\u00a0\u00a0\u00a0\u00a0\u00a0\u00a0\u00a0\u00a0\u00a0\u00a0\u00a0\u00a0\u00a0\u00a0\u00a0\u00a0\u00a0\u00a0\u00a0\u00a0\u00a0 IT021017A1YAKN8SIX [&hellip;]\" \/>\n<meta property=\"og:url\" content=\"https:\/\/2026.garni-florian.com\/it\/impressum\/\" \/>\n<meta property=\"og:site_name\" content=\"Garni Florian\" \/>\n<meta property=\"article:modified_time\" content=\"2024-12-06T15:47:11+00:00\" \/>\n<meta name=\"twitter:card\" content=\"summary_large_image\" \/>\n<meta name=\"twitter:label1\" content=\"Tempo di lettura stimato\" \/>\n\t<meta name=\"twitter:data1\" content=\"1 minuto\" \/>\n<script type=\"application\/ld+json\" class=\"yoast-schema-graph\">{\"@context\":\"https:\\\/\\\/schema.org\",\"@graph\":[{\"@type\":\"WebPage\",\"@id\":\"https:\\\/\\\/2026.garni-florian.com\\\/it\\\/impressum\\\/\",\"url\":\"https:\\\/\\\/2026.garni-florian.com\\\/it\\\/impressum\\\/\",\"name\":\"Impressum - Garni Florian\",\"isPartOf\":{\"@id\":\"https:\\\/\\\/2026.garni-florian.com\\\/#website\"},\"datePublished\":\"2016-05-06T08:28:27+00:00\",\"dateModified\":\"2024-12-06T15:47:11+00:00\",\"breadcrumb\":{\"@id\":\"https:\\\/\\\/2026.garni-florian.com\\\/it\\\/impressum\\\/#breadcrumb\"},\"inLanguage\":\"it-IT\",\"potentialAction\":[{\"@type\":\"ReadAction\",\"target\":[\"https:\\\/\\\/2026.garni-florian.com\\\/it\\\/impressum\\\/\"]}]},{\"@type\":\"BreadcrumbList\",\"@id\":\"https:\\\/\\\/2026.garni-florian.com\\\/it\\\/impressum\\\/#breadcrumb\",\"itemListElement\":[{\"@type\":\"ListItem\",\"position\":1,\"name\":\"Home\",\"item\":\"https:\\\/\\\/2026.garni-florian.com\\\/it\\\/\"},{\"@type\":\"ListItem\",\"position\":2,\"name\":\"Impressum\"}]},{\"@type\":\"WebSite\",\"@id\":\"https:\\\/\\\/2026.garni-florian.com\\\/#website\",\"url\":\"https:\\\/\\\/2026.garni-florian.com\\\/\",\"name\":\"Garni Florian - Ferienapparments in S\u00fcdtirol\",\"description\":\"Fam. Florian Steinkasserer\",\"publisher\":{\"@id\":\"https:\\\/\\\/2026.garni-florian.com\\\/#organization\"},\"potentialAction\":[{\"@type\":\"SearchAction\",\"target\":{\"@type\":\"EntryPoint\",\"urlTemplate\":\"https:\\\/\\\/2026.garni-florian.com\\\/?s={search_term_string}\"},\"query-input\":{\"@type\":\"PropertyValueSpecification\",\"valueRequired\":true,\"valueName\":\"search_term_string\"}}],\"inLanguage\":\"it-IT\"},{\"@type\":\"Organization\",\"@id\":\"https:\\\/\\\/2026.garni-florian.com\\\/#organization\",\"name\":\"Garni Florian\",\"url\":\"https:\\\/\\\/2026.garni-florian.com\\\/\",\"logo\":{\"@type\":\"ImageObject\",\"inLanguage\":\"it-IT\",\"@id\":\"https:\\\/\\\/2026.garni-florian.com\\\/#\\\/schema\\\/logo\\\/image\\\/\",\"url\":\"https:\\\/\\\/2026.garni-florian.com\\\/wp-content\\\/uploads\\\/2017\\\/05\\\/Logo-Florian-HP.png\",\"contentUrl\":\"https:\\\/\\\/2026.garni-florian.com\\\/wp-content\\\/uploads\\\/2017\\\/05\\\/Logo-Florian-HP.png\",\"width\":253,\"height\":44,\"caption\":\"Garni Florian\"},\"image\":{\"@id\":\"https:\\\/\\\/2026.garni-florian.com\\\/#\\\/schema\\\/logo\\\/image\\\/\"}}]}<\/script>\n<!-- \/ Yoast SEO plugin. -->","yoast_head_json":{"title":"Impressum - Garni Florian","robots":{"index":"noindex","follow":"nofollow"},"og_locale":"it_IT","og_type":"article","og_title":"Impressum - Garni Florian","og_description":"[vc_row][vc_column width=&#8221;1\/2&#8243;][vc_column_text] Pizzeria Garni Florian Fam. Steinkasserer I-39032 Rein in Taufers S\u00fcdtirol Tel: +39 0474 672510 Fax: +39 0474 672571 E-Mail: info@2026.garni-florian.com Umsatzsteuer-Identifikationsnummern: Martin Steinkasserer STNMTN80A10B220R IT028597202117 Astrid Steinkasserer STNSRD81E62B220Z IT02859790210 CIN-Code: Residence Astrid\u00a0 \u00a0 \u00a0 \u00a0 \u00a0 \u00a0 \u00a0 \u00a0 \u00a0 \u00a0 \u00a0 \u00a0 \u00a0 \u00a0 \u00a0 IT021017A15ABOQPPS Garni Florian\u00a0\u00a0\u00a0\u00a0\u00a0\u00a0\u00a0\u00a0\u00a0\u00a0\u00a0\u00a0\u00a0\u00a0\u00a0\u00a0\u00a0\u00a0\u00a0\u00a0\u00a0\u00a0\u00a0\u00a0\u00a0\u00a0\u00a0\u00a0\u00a0\u00a0\u00a0\u00a0\u00a0\u00a0\u00a0 IT021017A17UUU8DU4 Residence Friedheim\u00a0\u00a0\u00a0\u00a0\u00a0\u00a0\u00a0\u00a0\u00a0\u00a0\u00a0\u00a0\u00a0\u00a0\u00a0\u00a0\u00a0\u00a0\u00a0\u00a0\u00a0 IT021017A1YAKN8SIX [&hellip;]","og_url":"https:\/\/2026.garni-florian.com\/it\/impressum\/","og_site_name":"Garni Florian","article_modified_time":"2024-12-06T15:47:11+00:00","twitter_card":"summary_large_image","twitter_misc":{"Tempo di lettura stimato":"1 minuto"},"schema":{"@context":"https:\/\/schema.org","@graph":[{"@type":"WebPage","@id":"https:\/\/2026.garni-florian.com\/it\/impressum\/","url":"https:\/\/2026.garni-florian.com\/it\/impressum\/","name":"Impressum - Garni Florian","isPartOf":{"@id":"https:\/\/2026.garni-florian.com\/#website"},"datePublished":"2016-05-06T08:28:27+00:00","dateModified":"2024-12-06T15:47:11+00:00","breadcrumb":{"@id":"https:\/\/2026.garni-florian.com\/it\/impressum\/#breadcrumb"},"inLanguage":"it-IT","potentialAction":[{"@type":"ReadAction","target":["https:\/\/2026.garni-florian.com\/it\/impressum\/"]}]},{"@type":"BreadcrumbList","@id":"https:\/\/2026.garni-florian.com\/it\/impressum\/#breadcrumb","itemListElement":[{"@type":"ListItem","position":1,"name":"Home","item":"https:\/\/2026.garni-florian.com\/it\/"},{"@type":"ListItem","position":2,"name":"Impressum"}]},{"@type":"WebSite","@id":"https:\/\/2026.garni-florian.com\/#website","url":"https:\/\/2026.garni-florian.com\/","name":"Garni Florian - Ferienapparments in S\u00fcdtirol","description":"Fam. Florian Steinkasserer","publisher":{"@id":"https:\/\/2026.garni-florian.com\/#organization"},"potentialAction":[{"@type":"SearchAction","target":{"@type":"EntryPoint","urlTemplate":"https:\/\/2026.garni-florian.com\/?s={search_term_string}"},"query-input":{"@type":"PropertyValueSpecification","valueRequired":true,"valueName":"search_term_string"}}],"inLanguage":"it-IT"},{"@type":"Organization","@id":"https:\/\/2026.garni-florian.com\/#organization","name":"Garni Florian","url":"https:\/\/2026.garni-florian.com\/","logo":{"@type":"ImageObject","inLanguage":"it-IT","@id":"https:\/\/2026.garni-florian.com\/#\/schema\/logo\/image\/","url":"https:\/\/2026.garni-florian.com\/wp-content\/uploads\/2017\/05\/Logo-Florian-HP.png","contentUrl":"https:\/\/2026.garni-florian.com\/wp-content\/uploads\/2017\/05\/Logo-Florian-HP.png","width":253,"height":44,"caption":"Garni Florian"},"image":{"@id":"https:\/\/2026.garni-florian.com\/#\/schema\/logo\/image\/"}}]}},"_links":{"self":[{"href":"https:\/\/2026.garni-florian.com\/it\/wp-json\/wp\/v2\/pages\/3715","targetHints":{"allow":["GET"]}}],"collection":[{"href":"https:\/\/2026.garni-florian.com\/it\/wp-json\/wp\/v2\/pages"}],"about":[{"href":"https:\/\/2026.garni-florian.com\/it\/wp-json\/wp\/v2\/types\/page"}],"author":[{"embeddable":true,"href":"https:\/\/2026.garni-florian.com\/it\/wp-json\/wp\/v2\/users\/1"}],"replies":[{"embeddable":true,"href":"https:\/\/2026.garni-florian.com\/it\/wp-json\/wp\/v2\/comments?post=3715"}],"version-history":[{"count":0,"href":"https:\/\/2026.garni-florian.com\/it\/wp-json\/wp\/v2\/pages\/3715\/revisions"}],"wp:attachment":[{"href":"https:\/\/2026.garni-florian.com\/it\/wp-json\/wp\/v2\/media?parent=3715"}],"curies":[{"name":"wp","href":"https:\/\/api.w.org\/{rel}","templated":true}]}}