{"id":3717,"date":"2016-05-06T11:00:30","date_gmt":"2016-05-06T09:00:30","guid":{"rendered":"https:\/\/2026.garni-florian.com\/?page_id=3717"},"modified":"2021-04-03T12:31:49","modified_gmt":"2021-04-03T10:31:49","slug":"privacy-cookie-suggerimento","status":"publish","type":"page","link":"https:\/\/2026.garni-florian.com\/it\/privacy-cookie-suggerimento\/","title":{"rendered":"Privacy &#8211; Cookie Suggerimento"},"content":{"rendered":"<div class=\"wpb-content-wrapper\"><p>[vc_row][vc_column][vc_column_text]<\/p>\n<h2 style=\"text-align: left;\">Informationsschreiben \u00fcber Cookies<\/h2>\n<h3 style=\"text-align: left;\">Informationsschreiben im Sinne des Art. 13 der Datenschutzerkl\u00e4rung, erstellt in \u00dcbereinstimmung mit der Verf\u00fcgung des Datenschutzbeauftragten 08\/05\/2014<\/h3>\n<h4 style=\"text-align: left;\">Was sind Cookies?<\/h4>\n<p style=\"text-align: left;\">Cookies sind kleine Textzeichenfolgen, die die Standorte der Benutzer besucht, sein Terminal (in der Regel der Browser), wo sie, bevor sie wieder in den gleichen Stellen beim n\u00e4chsten Besuch auf den gleichen Benutzer \u00fcbertragen gespeichert senden. Zu diesem Zweck werden die Cookies hier als technische Cookies und profilierende Cookies unterteilt, je nach Verwendungsart sowie in eigenen Cookies oder Cookies von Dritten, je nach Benutzerverwendung.<\/p>\n<h4 style=\"text-align: left;\">Cookies Typen:<\/h4>\n<ol style=\"text-align: left;\">\n<li><strong>Technische Cookies<\/strong><br \/>\nDie technischen Cookies sind f\u00fcr den alleinigen Zweck der &#8220;Durchf\u00fchrung der \u00dcbertragung einer Nachricht \u00fcber ein elektronisches Kommunikationsnetz oder als ausschlie\u00dflich f\u00fcr den Anbieter eines Dienstes der Informationsgesellschaft explizit durch den Teilnehmer oder Nutzer gebeten notwendig, verwendet wie Service&#8221;(vgl. Art. 122 Absatz 1 des Datenschutzkodex). Die technischen Cookies unterschieden sich von den Navigations- oder Nutzungscookies (welche die normale Navigation und die Nutzung der Webseite garantieren); Analytische Cookies (\u00e4hnlich wie Cookies, wo Techniker direkt durch die Seitenbetreiber verwendet werden, um Informationen zu sammeln, in allgemeiner Form, die Zahl der Nutzer, und wie sie die Website besuchen) und funktionelle Cookies (erm\u00f6glichen dem Benutzer die Navigation auf der Grundlage einer Reihe von ausgew\u00e4hlten Kriterien, wie zum Beispiel die Sprache, um den Service f\u00fcr den gleichen Benutzer, zu verbessern.<\/li>\n<li><strong>Profilierende Cookies<\/strong><br \/>\nDie profilierenden Cookies werden eingesetzt, um Werbebotschaften im Einklang mit den Pr\u00e4ferenzen des Benutzers im Netz, zu senden.<\/li>\n<li><strong>Cookies von Dritten<\/strong><br \/>\nAufgrund der diversen Benutzer, die die Cookies auf den PC installieren und je nachdem ob es sich um den gleichen Verwalter der Webseite handelt, welcher der Benutzer besucht oder einer anderen Webseite, der die Cookies f\u00fcr den Eigengebrauch installiert, unterscheidet man immer zwischen eigenen Cookies und Cookies von Dritten.<\/li>\n<\/ol>\n<h4 style=\"text-align: left;\">Um eine optimale Web-Navigation zu bieten, k\u00f6nnte die besuchte Webseite von allen oder von einem Teil der folgenden, eigenen und\/oder von Dritten stammenden, Cookies Gebrauch machen:<\/h4>\n<ul style=\"text-align: left;\">\n<li><strong>Sitzungs-Cookie\u00a0(lokal)<\/strong><br \/>\nEs handelt sich um einen technischen Cookie mit einer Speicherfunktion der Handlungen des Benutzers innerhalb einer Webseite. Dieser wird beim Verlassen der Webseite gel\u00f6scht. Sollte es sich um eine E-Commerce-Webseite handeln, wird dieser Cookie auch dazu verwendet, die in den Warenkorb gelegten Produkte zu speichern.<\/li>\n<li><strong>Google Analytics\u00a0(von Dritten)<\/strong><br \/>\n\u00dcberwachende Cookies f\u00fcr die Entwicklung von Statistiken der Webseitenverwendung; Google Analytics verwendet Cookies, die keine personenbezogenen Daten speichern und die auf dem PC des Benutzers abgelegt werden, um dem Anbieter der Webseite die M\u00f6glichkeit zu geben, Analysen zu erstellen, wie die gleichen Benutzer die Webseite benutzen. Um die Speicherung der hier vorher genannten Cookies zu verhindern, muss der Benutzer dem Vorgang in diesem Link folgen:\u00a0<a href=\"http:\/\/www.google.com\/intl\/de_ALL\/analytics\/learn\/privacy.html\" target=\"_blank\" rel=\"noopener\">http:\/\/www.google.com\/intl\/de_ALL\/analytics\/learn\/privacy.html<\/a><\/li>\n<li>F<strong>acebook\u00a0(von Dritten)<\/strong><br \/>\nDiese Cookies werden verwendet, um die Werbung zu erarbeiten und zu verbessern d.h. mit Marketingstrategien, um dem Benutzer Nachrichten im Sinne seines Interesses zusenden zu k\u00f6nnen. Zus\u00e4tzliche Informationen, auch in Bezug mit der Modalit\u00e4t, mit der diese oben genannten Cookies deaktiviert werden k\u00f6nnen, sind im folgenden Link herunterladbar: <a href=\"https:\/\/www.facebook.com\/help\/cookies\/\" target=\"_blank\" rel=\"noopener\">https:\/\/www.facebook.com\/help\/cookies\/<\/a>\u00a0Um die Cookies anzuhaken\/abzuhaken hier klicken: <a href=\"http:\/\/www.youronlinechoices.com\/de\/praferenzmanagement\/\" target=\"_blank\" rel=\"noopener\">http:\/\/www.youronlinechoices.com\/de\/praferenzmanagement\/<\/a><\/li>\n<li><strong>Adwords\u00a0(von Dritten)<\/strong><br \/>\nDiese Cookies werden verwendet, um die Werbung zu erarbeiten und zu verbessern d.h. mit Marketingstrategien, um dem Benutzer Nachrichten im Sinne seines Interesses zusenden zu k\u00f6nnen. Zus\u00e4tzliche Informationen, auch in Bezug mit der Modalit\u00e4t, mit der diese oben genannten Cookies deaktiviert werden k\u00f6nnen, sind im folgenden Link herunterladbar: <a href=\"https:\/\/support.google.com\/adwords\/answer\/2407785?hl=de\" target=\"_blank\" rel=\"noopener\">https:\/\/support.google.com\/adwords\/answer\/2407785?hl=de<\/a>\u00a0um die Cookies anzuhaken\/abzuhaken hier klicken:\u00a0<a href=\"http:\/\/www.google.com\/settings\/ads\" target=\"_blank\" rel=\"noopener\">http:\/\/www.google.com\/settings\/ads<\/a><\/li>\n<\/ul>\n<h4 style=\"text-align: left;\">Wie k\u00f6nnen Cookies deaktiviert, gel\u00f6scht oder blockiert werden.<\/h4>\n<p style=\"text-align: left;\">Diese von Ihnen besuchte Webseite erm\u00f6glicht die einzelnen Cookies, mit den hier folgend illustrierten Modalit\u00e4ten anzuhaken\/abzuhaken, jedoch mit dem Hinweis, dass im Falle einer Deaktivierung, die vollst\u00e4ndige Nutzung der Webseite nicht mehr garantiert werden kann.<\/p>\n<h5 style=\"text-align: left;\">Firefox:<\/h5>\n<ol style=\"text-align: left;\">\n<li>\u00d6ffnen Sie den Firefox Browser.<\/li>\n<li>Dr\u00fccken Sie die \u201eAlt\u201c Taste auf Ihrer Tastatur.<\/li>\n<li>W\u00e4hlen Sie \u201eMen\u00fc\u201c und dann \u201eOptionen\u201c in Ihrer Funktionsleiste.<\/li>\n<li>W\u00e4hlen Sie den Reiter \u201ePrivatsph\u00e4re\u201c aus.<\/li>\n<li>W\u00e4hlen Sie f\u00fcr \u201eFirefox wird eine Chronik:\u201c \u201enach benutzerdefinierten Einstellungen anlegen\u201c aus.<\/li>\n<li>Entfernen Sie die Markierung \u201eCookies akzeptieren\u201c und speichern Sie Ihre Einstellungen.<\/li>\n<\/ol>\n<h5 style=\"text-align: left;\">Internet Explorer:<\/h5>\n<ol style=\"text-align: left;\">\n<li>\u00d6ffnen Sie den Internet Explorer.<\/li>\n<li>Klicken Sie auf die Schaltfl\u00e4che \u201eExtras\u201c und dann auf \u201eInternetoptionen\u201c.<\/li>\n<li>Klicken Sie auf die Registerkarte \u201eDatenschutz\u201c.<\/li>\n<li>Im Reiter \u201eCookies\u201c k\u00f6nnen Sie die Markierung entfernen und Ihre Einstellungen speichern.<\/li>\n<\/ol>\n<h5 style=\"text-align: left;\">Google Chrome:<\/h5>\n<ol style=\"text-align: left;\">\n<li>\u00d6ffnen Sie Google Chrome.<\/li>\n<li>W\u00e4hlen Sie \u201cEinstellungen\u201d aus.<\/li>\n<li>Klicken Sie auf \u201cErweiterte Einstellungen anzeigen\u201d.<\/li>\n<li>Klicken Sie im Reiter \u201eDatenschutz\u201c auf \u201eInhaltseinstellungen\u201c.<\/li>\n<li>Im Abschnitt \u201eCookies\u201c k\u00f6nnen Sie diese deaktivieren und Ihre Einstellungen speichern.<\/li>\n<\/ol>\n<h5 style=\"text-align: left;\">Safari:<\/h5>\n<ol>\n<li style=\"text-align: left;\">\u00d6ffnen Sie Safari.<\/li>\n<li style=\"text-align: left;\">W\u00e4hlen Sie \u201eEinstellungen\u201c in der Funktionsliste (graues Zahnrad in der oberen, rechten Ecke) und klicken Sie auf \u201ePrivatsph\u00e4re\u201c.<\/li>\n<li style=\"text-align: left;\">Unter \u201eCookies akzeptieren\u201c k\u00f6nnen Sie spezifizieren ob und wann Safari Cookies von Websites akzeptieren soll. F\u00fcr mehr Informationen klicken Sie auf Hilfe (?).<\/li>\n<li style=\"text-align: left;\">Wenn Sie mehr \u00fcber die Cookies erfahren m\u00f6chten, die auf Ihrem Computer gespeichert werden, dann klicken Sie auf \u201eCookies anzeigen\u201c.<\/li>\n<\/ol>\n<p>[\/vc_column_text][\/vc_column][\/vc_row]<\/p>\n<\/div>","protected":false},"excerpt":{"rendered":"<p>[vc_row][vc_column][vc_column_text] Informationsschreiben \u00fcber Cookies Informationsschreiben im Sinne des Art. 13 der Datenschutzerkl\u00e4rung, erstellt in \u00dcbereinstimmung mit der Verf\u00fcgung des Datenschutzbeauftragten 08\/05\/2014 Was sind Cookies? Cookies sind kleine Textzeichenfolgen, die die Standorte der Benutzer besucht, sein Terminal (in der Regel der Browser), wo sie, bevor sie wieder in den gleichen Stellen beim n\u00e4chsten Besuch auf den [&hellip;]<\/p>\n","protected":false},"author":1,"featured_media":0,"parent":0,"menu_order":0,"comment_status":"closed","ping_status":"closed","template":"fullwidth.php","meta":{"footnotes":""},"class_list":["post-3717","page","type-page","status-publish","hentry"],"yoast_head":"<!-- This site is optimized with the Yoast SEO plugin v27.3 - https:\/\/yoast.com\/product\/yoast-seo-wordpress\/ -->\n<title>Privacy - Cookie Suggerimento - Garni Florian<\/title>\n<meta name=\"robots\" content=\"noindex, nofollow\" \/>\n<meta property=\"og:locale\" content=\"it_IT\" \/>\n<meta property=\"og:type\" content=\"article\" \/>\n<meta property=\"og:title\" content=\"Privacy - Cookie Suggerimento - Garni Florian\" \/>\n<meta property=\"og:description\" content=\"[vc_row][vc_column][vc_column_text] Informationsschreiben \u00fcber Cookies Informationsschreiben im Sinne des Art. 13 der Datenschutzerkl\u00e4rung, erstellt in \u00dcbereinstimmung mit der Verf\u00fcgung des Datenschutzbeauftragten 08\/05\/2014 Was sind Cookies? Cookies sind kleine Textzeichenfolgen, die die Standorte der Benutzer besucht, sein Terminal (in der Regel der Browser), wo sie, bevor sie wieder in den gleichen Stellen beim n\u00e4chsten Besuch auf den [&hellip;]\" \/>\n<meta property=\"og:url\" content=\"https:\/\/2026.garni-florian.com\/it\/privacy-cookie-suggerimento\/\" \/>\n<meta property=\"og:site_name\" content=\"Garni Florian\" \/>\n<meta property=\"article:modified_time\" content=\"2021-04-03T10:31:49+00:00\" \/>\n<meta name=\"twitter:card\" content=\"summary_large_image\" \/>\n<meta name=\"twitter:label1\" content=\"Tempo di lettura stimato\" \/>\n\t<meta name=\"twitter:data1\" content=\"4 minuti\" \/>\n<script type=\"application\/ld+json\" class=\"yoast-schema-graph\">{\"@context\":\"https:\\\/\\\/schema.org\",\"@graph\":[{\"@type\":\"WebPage\",\"@id\":\"https:\\\/\\\/2026.garni-florian.com\\\/it\\\/privacy-cookie-suggerimento\\\/\",\"url\":\"https:\\\/\\\/2026.garni-florian.com\\\/it\\\/privacy-cookie-suggerimento\\\/\",\"name\":\"Privacy - Cookie Suggerimento - Garni Florian\",\"isPartOf\":{\"@id\":\"https:\\\/\\\/2026.garni-florian.com\\\/#website\"},\"datePublished\":\"2016-05-06T09:00:30+00:00\",\"dateModified\":\"2021-04-03T10:31:49+00:00\",\"breadcrumb\":{\"@id\":\"https:\\\/\\\/2026.garni-florian.com\\\/it\\\/privacy-cookie-suggerimento\\\/#breadcrumb\"},\"inLanguage\":\"it-IT\",\"potentialAction\":[{\"@type\":\"ReadAction\",\"target\":[\"https:\\\/\\\/2026.garni-florian.com\\\/it\\\/privacy-cookie-suggerimento\\\/\"]}]},{\"@type\":\"BreadcrumbList\",\"@id\":\"https:\\\/\\\/2026.garni-florian.com\\\/it\\\/privacy-cookie-suggerimento\\\/#breadcrumb\",\"itemListElement\":[{\"@type\":\"ListItem\",\"position\":1,\"name\":\"Home\",\"item\":\"https:\\\/\\\/2026.garni-florian.com\\\/it\\\/\"},{\"@type\":\"ListItem\",\"position\":2,\"name\":\"Privacy &#8211; Cookie Suggerimento\"}]},{\"@type\":\"WebSite\",\"@id\":\"https:\\\/\\\/2026.garni-florian.com\\\/#website\",\"url\":\"https:\\\/\\\/2026.garni-florian.com\\\/\",\"name\":\"Garni Florian - Ferienapparments in S\u00fcdtirol\",\"description\":\"Fam. Florian Steinkasserer\",\"publisher\":{\"@id\":\"https:\\\/\\\/2026.garni-florian.com\\\/#organization\"},\"potentialAction\":[{\"@type\":\"SearchAction\",\"target\":{\"@type\":\"EntryPoint\",\"urlTemplate\":\"https:\\\/\\\/2026.garni-florian.com\\\/?s={search_term_string}\"},\"query-input\":{\"@type\":\"PropertyValueSpecification\",\"valueRequired\":true,\"valueName\":\"search_term_string\"}}],\"inLanguage\":\"it-IT\"},{\"@type\":\"Organization\",\"@id\":\"https:\\\/\\\/2026.garni-florian.com\\\/#organization\",\"name\":\"Garni Florian\",\"url\":\"https:\\\/\\\/2026.garni-florian.com\\\/\",\"logo\":{\"@type\":\"ImageObject\",\"inLanguage\":\"it-IT\",\"@id\":\"https:\\\/\\\/2026.garni-florian.com\\\/#\\\/schema\\\/logo\\\/image\\\/\",\"url\":\"https:\\\/\\\/2026.garni-florian.com\\\/wp-content\\\/uploads\\\/2017\\\/05\\\/Logo-Florian-HP.png\",\"contentUrl\":\"https:\\\/\\\/2026.garni-florian.com\\\/wp-content\\\/uploads\\\/2017\\\/05\\\/Logo-Florian-HP.png\",\"width\":253,\"height\":44,\"caption\":\"Garni Florian\"},\"image\":{\"@id\":\"https:\\\/\\\/2026.garni-florian.com\\\/#\\\/schema\\\/logo\\\/image\\\/\"}}]}<\/script>\n<!-- \/ Yoast SEO plugin. -->","yoast_head_json":{"title":"Privacy - Cookie Suggerimento - Garni Florian","robots":{"index":"noindex","follow":"nofollow"},"og_locale":"it_IT","og_type":"article","og_title":"Privacy - Cookie Suggerimento - Garni Florian","og_description":"[vc_row][vc_column][vc_column_text] Informationsschreiben \u00fcber Cookies Informationsschreiben im Sinne des Art. 13 der Datenschutzerkl\u00e4rung, erstellt in \u00dcbereinstimmung mit der Verf\u00fcgung des Datenschutzbeauftragten 08\/05\/2014 Was sind Cookies? Cookies sind kleine Textzeichenfolgen, die die Standorte der Benutzer besucht, sein Terminal (in der Regel der Browser), wo sie, bevor sie wieder in den gleichen Stellen beim n\u00e4chsten Besuch auf den [&hellip;]","og_url":"https:\/\/2026.garni-florian.com\/it\/privacy-cookie-suggerimento\/","og_site_name":"Garni Florian","article_modified_time":"2021-04-03T10:31:49+00:00","twitter_card":"summary_large_image","twitter_misc":{"Tempo di lettura stimato":"4 minuti"},"schema":{"@context":"https:\/\/schema.org","@graph":[{"@type":"WebPage","@id":"https:\/\/2026.garni-florian.com\/it\/privacy-cookie-suggerimento\/","url":"https:\/\/2026.garni-florian.com\/it\/privacy-cookie-suggerimento\/","name":"Privacy - Cookie Suggerimento - Garni Florian","isPartOf":{"@id":"https:\/\/2026.garni-florian.com\/#website"},"datePublished":"2016-05-06T09:00:30+00:00","dateModified":"2021-04-03T10:31:49+00:00","breadcrumb":{"@id":"https:\/\/2026.garni-florian.com\/it\/privacy-cookie-suggerimento\/#breadcrumb"},"inLanguage":"it-IT","potentialAction":[{"@type":"ReadAction","target":["https:\/\/2026.garni-florian.com\/it\/privacy-cookie-suggerimento\/"]}]},{"@type":"BreadcrumbList","@id":"https:\/\/2026.garni-florian.com\/it\/privacy-cookie-suggerimento\/#breadcrumb","itemListElement":[{"@type":"ListItem","position":1,"name":"Home","item":"https:\/\/2026.garni-florian.com\/it\/"},{"@type":"ListItem","position":2,"name":"Privacy &#8211; Cookie Suggerimento"}]},{"@type":"WebSite","@id":"https:\/\/2026.garni-florian.com\/#website","url":"https:\/\/2026.garni-florian.com\/","name":"Garni Florian - Ferienapparments in S\u00fcdtirol","description":"Fam. Florian Steinkasserer","publisher":{"@id":"https:\/\/2026.garni-florian.com\/#organization"},"potentialAction":[{"@type":"SearchAction","target":{"@type":"EntryPoint","urlTemplate":"https:\/\/2026.garni-florian.com\/?s={search_term_string}"},"query-input":{"@type":"PropertyValueSpecification","valueRequired":true,"valueName":"search_term_string"}}],"inLanguage":"it-IT"},{"@type":"Organization","@id":"https:\/\/2026.garni-florian.com\/#organization","name":"Garni Florian","url":"https:\/\/2026.garni-florian.com\/","logo":{"@type":"ImageObject","inLanguage":"it-IT","@id":"https:\/\/2026.garni-florian.com\/#\/schema\/logo\/image\/","url":"https:\/\/2026.garni-florian.com\/wp-content\/uploads\/2017\/05\/Logo-Florian-HP.png","contentUrl":"https:\/\/2026.garni-florian.com\/wp-content\/uploads\/2017\/05\/Logo-Florian-HP.png","width":253,"height":44,"caption":"Garni Florian"},"image":{"@id":"https:\/\/2026.garni-florian.com\/#\/schema\/logo\/image\/"}}]}},"_links":{"self":[{"href":"https:\/\/2026.garni-florian.com\/it\/wp-json\/wp\/v2\/pages\/3717","targetHints":{"allow":["GET"]}}],"collection":[{"href":"https:\/\/2026.garni-florian.com\/it\/wp-json\/wp\/v2\/pages"}],"about":[{"href":"https:\/\/2026.garni-florian.com\/it\/wp-json\/wp\/v2\/types\/page"}],"author":[{"embeddable":true,"href":"https:\/\/2026.garni-florian.com\/it\/wp-json\/wp\/v2\/users\/1"}],"replies":[{"embeddable":true,"href":"https:\/\/2026.garni-florian.com\/it\/wp-json\/wp\/v2\/comments?post=3717"}],"version-history":[{"count":0,"href":"https:\/\/2026.garni-florian.com\/it\/wp-json\/wp\/v2\/pages\/3717\/revisions"}],"wp:attachment":[{"href":"https:\/\/2026.garni-florian.com\/it\/wp-json\/wp\/v2\/media?parent=3717"}],"curies":[{"name":"wp","href":"https:\/\/api.w.org\/{rel}","templated":true}]}}